{"id":7978,"date":"2024-03-05T13:16:16","date_gmt":"2024-03-05T13:16:16","guid":{"rendered":"https:\/\/kraljevskafondacija.rs\/dinastija\/"},"modified":"2024-04-02T13:12:04","modified_gmt":"2024-04-02T13:12:04","slug":"dynasty","status":"publish","type":"page","link":"https:\/\/kraljevskafondacija.rs\/en\/dynasty\/","title":{"rendered":"Dynasty"},"content":{"rendered":"<p>[vc_row][vc_column][vc_column_text]<\/p>\n<h1 class=\"wp-block-heading has-text-align-center\">Dynasty<\/h1>\n\n\n<div class=\"wp-block-cp-timeline-content-timeline Cool-Content-Timeline\">\n<div class=\"cool-timeline-block-a8296531-9012-4c85-b34d-78a6ae399ec2\">\n<style>.cool-timeline-block-a8296531-9012-4c85-b34d-78a6ae399ec2 .cool-vertical-timeline-body{--ctlb-icon-color: #c8693a;--ctlb-line-color: #c8693a;--ctlb-icon-bg: #c8693a;--ctlb-story-border-color: #c8693a;}<\/style>\n<div class=\"cool-vertical-timeline-body ctlb-wrapper both-sided left\">\n<div class=\"cool-timeline-block-list\">\n<div class=\"wp-block-cp-timeline-content-timeline-child swiper-slide\">\n<div class=\"timeline-content icon-false \">\n<div class=\"timeline-block-timeline ctl-row position-right\">\n<div class=\"ctl-6 timeline-block-time\">\n<div class=\"story-time\">\n<p><strong>14. november 1762\/16. november 1768.- 25. july 1817.<\/strong><\/p>\n<\/div>\n<\/div>\n<div class=\"timeline-block-icon\">\u00a0<\/div>\n<div class=\"ctl-6 timeline-block-detail\">\n<div class=\"story-details\">\n<div class=\"story-content\">\n<figure class=\"wp-block-image size-large ctlb-block-image\"><img loading=\"lazy\" decoding=\"async\" width=\"733\" height=\"1024\" class=\"wp-image-7885\" style=\"aspect-ratio: 4\/3; object-fit: contain;\" src=\"https:\/\/kraljevskafondacija.rs\/wp-content\/uploads\/2024\/03\/Karadjordje_Petrovic_by_Vladimir_Borovikovsky_1816-733x1024.jpg\" alt=\"\" srcset=\"https:\/\/kraljevskafondacija.rs\/wp-content\/uploads\/2024\/03\/Karadjordje_Petrovic_by_Vladimir_Borovikovsky_1816-733x1024.jpg 733w, https:\/\/kraljevskafondacija.rs\/wp-content\/uploads\/2024\/03\/Karadjordje_Petrovic_by_Vladimir_Borovikovsky_1816-215x300.jpg 215w, https:\/\/kraljevskafondacija.rs\/wp-content\/uploads\/2024\/03\/Karadjordje_Petrovic_by_Vladimir_Borovikovsky_1816-768x1072.jpg 768w, https:\/\/kraljevskafondacija.rs\/wp-content\/uploads\/2024\/03\/Karadjordje_Petrovic_by_Vladimir_Borovikovsky_1816-600x838.jpg 600w, https:\/\/kraljevskafondacija.rs\/wp-content\/uploads\/2024\/03\/Karadjordje_Petrovic_by_Vladimir_Borovikovsky_1816.jpg 800w\" sizes=\"auto, (max-width: 733px) 100vw, 733px\" \/><\/figure>\n<br \/>\n<h3 class=\"wp-block-heading ctlb-block-title has-black-color has-text-color has-link-color has-medium-font-size wp-elements-43523d9b20cc13d0668e8b44709ad1e3\" style=\"padding: 0px;\">Supreme Leader Kara\u0111or\u0111e<\/h3>\n<br \/>\n<p class=\"ctlb-block-desc\" style=\"font-size: 18px; padding: 0px;\">\u0110or\u0111e, son of Petar Jovanovi\u0107 and mother Marica, was born in Vi\u0161evac near Ra\u010da in \u0160umadija on November 16, 1768, as their third child and first son.<\/p>\n<p><a title=\"\u0423\u0441\u043b\u043e\u0432\u0438 \u043a\u043e\u0440\u0438\u0448\u045b\u0435\u045a\u0430\" href=\"https:\/\/kraljevskafondacija.rs\/en\/supreme-leader-karadorde\/\">Read more<\/a><\/p>\n\n<\/div>\n<\/div>\n<\/div>\n<\/div>\n<\/div>\n<\/div>\n<br \/>\n<div class=\"wp-block-cp-timeline-content-timeline-child swiper-slide\">\n<div class=\"timeline-content icon-false \">\n<div class=\"timeline-block-timeline ctl-row position-left\">\n<div class=\"ctl-6 timeline-block-time\">\n<div class=\"story-time\">\n<p><strong>11. July 1844. &#8211; 16. August 1921.<\/strong><\/p>\n<\/div>\n<\/div>\n<div class=\"timeline-block-icon\">\u00a0<\/div>\n<div class=\"ctl-6 timeline-block-detail\">\n<div class=\"story-details\">\n<div class=\"story-content\">\n<figure class=\"wp-block-image size-large ctlb-block-image\"><img loading=\"lazy\" decoding=\"async\" width=\"748\" height=\"1024\" class=\"wp-image-7901\" style=\"aspect-ratio: 4\/3; object-fit: contain;\" src=\"https:\/\/kraljevskafondacija.rs\/wp-content\/uploads\/2024\/03\/PetarI-Karadjordjevic-748x1024.jpg\" alt=\"\" srcset=\"https:\/\/kraljevskafondacija.rs\/wp-content\/uploads\/2024\/03\/PetarI-Karadjordjevic-748x1024.jpg 748w, https:\/\/kraljevskafondacija.rs\/wp-content\/uploads\/2024\/03\/PetarI-Karadjordjevic-219x300.jpg 219w, https:\/\/kraljevskafondacija.rs\/wp-content\/uploads\/2024\/03\/PetarI-Karadjordjevic-768x1052.jpg 768w, https:\/\/kraljevskafondacija.rs\/wp-content\/uploads\/2024\/03\/PetarI-Karadjordjevic-600x821.jpg 600w, https:\/\/kraljevskafondacija.rs\/wp-content\/uploads\/2024\/03\/PetarI-Karadjordjevic.jpg 1089w\" sizes=\"auto, (max-width: 748px) 100vw, 748px\" \/><\/figure>\n<br \/>\n<h3 class=\"wp-block-heading ctlb-block-title has-black-color has-text-color has-link-color wp-elements-cc11533f1fa52cf583c7f843d07b2496\" style=\"padding: 0px;\">His Majesty King Peter I the Great Liberator<\/h3>\n<br \/>\n<p class=\"ctlb-block-desc\" style=\"font-size: 18px; padding: 0px;\">His Majesty King Peter I the Liberator was born in Belgrade on July 11, 1844. He was King of Serbia from 1903 to 1918 and King of the Serbs, Croats, and Slovenes from 1918 until 1921.<\/p>\n<p><a title=\"\u040a\u0435\u0433\u043e\u0432\u043e \u0412\u0435\u043b\u0438\u0447\u0430\u043d\u0441\u0442\u0432\u043e \u041a\u0440\u0430\u0459 \u041f\u0435\u0442\u0430\u0440 \u041f\u0440\u0432\u0438 \u0412\u0435\u043b\u0438\u043a\u0438 \u041e\u0441\u043b\u043e\u0431\u043e\u0434\u0438\u043b\u0430\u0446\" href=\"https:\/\/kraljevskafondacija.rs\/en\/his-majesty-king-peter-i-the-great-liberator\/\">Read more<\/a><\/p>\n\n<\/div>\n<\/div>\n<\/div>\n<\/div>\n<\/div>\n<\/div>\n<br \/>\n<div class=\"wp-block-cp-timeline-content-timeline-child swiper-slide\">\n<div class=\"timeline-content icon-false \">\n<div class=\"timeline-block-timeline ctl-row position-right\">\n<div class=\"ctl-6 timeline-block-time\">\n<div class=\"story-time\">\n<p><strong>11. October 1806.- 03. May 1885.<\/strong><\/p>\n<\/div>\n<\/div>\n<div class=\"timeline-block-icon\">\u00a0<\/div>\n<div class=\"ctl-6 timeline-block-detail\">\n<div class=\"story-details\">\n<div class=\"story-content\">\n<figure class=\"wp-block-image size-full ctlb-block-image\"><img loading=\"lazy\" decoding=\"async\" width=\"577\" height=\"798\" class=\"wp-image-7906\" style=\"aspect-ratio: 4\/3; object-fit: contain;\" src=\"https:\/\/kraljevskafondacija.rs\/wp-content\/uploads\/2024\/03\/2-knez-aleksandar.jpg\" alt=\"\" srcset=\"https:\/\/kraljevskafondacija.rs\/wp-content\/uploads\/2024\/03\/2-knez-aleksandar.jpg 577w, https:\/\/kraljevskafondacija.rs\/wp-content\/uploads\/2024\/03\/2-knez-aleksandar-217x300.jpg 217w\" sizes=\"auto, (max-width: 577px) 100vw, 577px\" \/><\/figure>\n<br \/>\n<h3 class=\"wp-block-heading ctlb-block-title has-black-color has-text-color has-link-color wp-elements-b9e87876d833108d75cb0e559e01c626\" style=\"padding: 0px;\">His Serene Highness Prince Alexander<\/h3>\n<br \/>\n<p class=\"ctlb-block-desc\" style=\"font-size: 18px; padding: 0px;\">His Serene Highness Prince Alexander was born in Topola on October 11, 1806, in the aftermath of the First Serbian Uprising. He was the younger son of Supreme Leader Kara\u0111or\u0111e and his wife Jelena.<\/p>\n<p><a title=\"\u040a\u0435\u0433\u043e\u0432\u043e \u0412\u0435\u043b\u0438\u0447\u0430\u043d\u0441\u0442\u0432\u043e \u041a\u0440\u0430\u0459 \u041f\u0435\u0442\u0430\u0440 \u041f\u0440\u0432\u0438 \u0412\u0435\u043b\u0438\u043a\u0438 \u041e\u0441\u043b\u043e\u0431\u043e\u0434\u0438\u043b\u0430\u0446\" href=\"https:\/\/kraljevskafondacija.rs\/en\/njegovo-svetlo-velicanstvo-knez-aleksandar\/\">Read more<\/a><\/p>\n\n<\/div>\n<\/div>\n<\/div>\n<\/div>\n<\/div>\n<\/div>\n<br \/>\n<div class=\"wp-block-cp-timeline-content-timeline-child swiper-slide\">\n<div class=\"timeline-content icon-false \">\n<div class=\"timeline-block-timeline ctl-row position-left\">\n<div class=\"ctl-6 timeline-block-time\">\n<div class=\"story-time\">\n<p><strong>16. December 1888. &#8211; 9. October 1934.<\/strong><\/p>\n<\/div>\n<\/div>\n<div class=\"timeline-block-icon\">\u00a0<\/div>\n<div class=\"ctl-6 timeline-block-detail\">\n<div class=\"story-details\">\n<div class=\"story-content\">\n<figure class=\"wp-block-image size-full ctlb-block-image\"><img loading=\"lazy\" decoding=\"async\" width=\"409\" height=\"500\" class=\"wp-image-7911\" style=\"aspect-ratio: 4\/3; object-fit: contain;\" src=\"https:\/\/kraljevskafondacija.rs\/wp-content\/uploads\/2024\/03\/aleksandar-i.webp\" alt=\"\" srcset=\"https:\/\/kraljevskafondacija.rs\/wp-content\/uploads\/2024\/03\/aleksandar-i.webp 409w, https:\/\/kraljevskafondacija.rs\/wp-content\/uploads\/2024\/03\/aleksandar-i-245x300.webp 245w\" sizes=\"auto, (max-width: 409px) 100vw, 409px\" \/><\/figure>\n<br \/>\n<h3 class=\"wp-block-heading ctlb-block-title has-black-color has-text-color has-link-color wp-elements-dd99afb61d644090a02a09fec92138c8\" style=\"padding: 0px;\">His Majesty Knightly King Alexander I the Unifier<\/h3>\n<br \/>\n<p class=\"ctlb-block-desc\" style=\"font-size: 18px; padding: 0px;\">His Majesty Knightly King Alexander I the Unifier was born in Cetinje on December 16, 1888. He served as the Regent and Crown Prince of the Kingdom of Serbia (1914-1918), Regent and Crown Prince of the Kingdom of Serbs, Croats, and Slovenes (1918-1921), then as King of Serbs, Croats, and Slovenes (1921-1929), and King of Yugoslavia (1929-1934).<\/p>\n<p><a title=\"\u040a\u0435\u0433\u043e\u0432\u043e \u0412\u0435\u043b\u0438\u0447\u0430\u043d\u0441\u0442\u0432\u043e \u0412\u0438\u0442\u0435\u0448\u043a\u0438 \u041a\u0440\u0430\u0459 \u0410\u043b\u0435\u043a\u0441\u0430\u043d\u0434\u0430\u0440 \u041f\u0440\u0432\u0438 \u0423\u0458\u0435\u0434\u0438\u043d\u0438\u0442\u0435\u0459\" href=\"https:\/\/kraljevskafondacija.rs\/en\/his-majesty-knightly-king-alexander-i-the-unifier\/\">Read more<\/a><\/p>\n\n<\/div>\n<\/div>\n<\/div>\n<\/div>\n<\/div>\n<\/div>\n<br \/>\n<div class=\"wp-block-cp-timeline-content-timeline-child swiper-slide\">\n<div class=\"timeline-content icon-false \">\n<div class=\"timeline-block-timeline ctl-row position-right\">\n<div class=\"ctl-6 timeline-block-time\">\n<div class=\"story-time\">\n<p><strong>06. September 1923. &#8211; 3. November 1970<\/strong><\/p>\n<\/div>\n<\/div>\n<div class=\"timeline-block-icon\">\u00a0<\/div>\n<div class=\"ctl-6 timeline-block-detail\">\n<div class=\"story-details\">\n<div class=\"story-content\">\n<figure class=\"wp-block-image size-full ctlb-block-image\"><img loading=\"lazy\" decoding=\"async\" width=\"300\" height=\"386\" class=\"wp-image-7916\" style=\"aspect-ratio: 4\/3; object-fit: contain;\" src=\"https:\/\/kraljevskafondacija.rs\/wp-content\/uploads\/2024\/03\/kralj-Petar-II.jpg\" alt=\"\" srcset=\"https:\/\/kraljevskafondacija.rs\/wp-content\/uploads\/2024\/03\/kralj-Petar-II.jpg 300w, https:\/\/kraljevskafondacija.rs\/wp-content\/uploads\/2024\/03\/kralj-Petar-II-233x300.jpg 233w\" sizes=\"auto, (max-width: 300px) 100vw, 300px\" \/><\/figure>\n<br \/>\n<h3 class=\"wp-block-heading ctlb-block-title has-black-color has-text-color has-link-color wp-elements-d115fd95b5e64532a2ce57b741a42e66\" style=\"padding: 0px;\">His Majesty King Peter II<\/h3>\n<br \/>\n<p class=\"ctlb-block-desc\" style=\"font-size: 18px; padding: 0px;\">His Majesty King Peter II was born in Belgrade on September 6, 1923. He was King of Yugoslavia (1934\u20141970), the first son of Knightly King Alexander I the Unifier and Queen Maria.<\/p>\n<p><a title=\"\u040a\u0435\u0433\u043e\u0432\u043e \u0412\u0435\u043b\u0438\u0447\u0430\u043d\u0441\u0442\u0432\u043e \u041a\u0440\u0430\u0459 \u041f\u0435\u0442\u0430\u0440 \u0414\u0440\u0443\u0433\u0438\" href=\"https:\/\/kraljevskafondacija.rs\/en\/njegovo-velicanstvo-kralj-petar-drugi\/\">Read more<\/a><\/p>\n\n<\/div>\n<\/div>\n<\/div>\n<\/div>\n<\/div>\n<\/div>\n<br \/>\n<div class=\"wp-block-cp-timeline-content-timeline-child swiper-slide\">\n<div class=\"timeline-content icon-false \">\n<div class=\"timeline-block-timeline ctl-row position-left\">\n<div class=\"ctl-6 timeline-block-time\">\n<div class=\"story-time\">\n<p><strong>17. July 1945 &#8211;<\/strong><\/p>\n<\/div>\n<\/div>\n<div class=\"timeline-block-icon\">\u00a0<\/div>\n<div class=\"ctl-6 timeline-block-detail\">\n<div class=\"story-details\">\n<div class=\"story-content\">\n<figure class=\"wp-block-image size-full ctlb-block-image\"><img loading=\"lazy\" decoding=\"async\" width=\"1200\" height=\"630\" class=\"wp-image-7921\" src=\"https:\/\/kraljevskafondacija.rs\/wp-content\/uploads\/2024\/03\/njkv_prestolonaslednik_aleksandar.jpg\" alt=\"\" srcset=\"https:\/\/kraljevskafondacija.rs\/wp-content\/uploads\/2024\/03\/njkv_prestolonaslednik_aleksandar.jpg 1200w, https:\/\/kraljevskafondacija.rs\/wp-content\/uploads\/2024\/03\/njkv_prestolonaslednik_aleksandar-300x158.jpg 300w, https:\/\/kraljevskafondacija.rs\/wp-content\/uploads\/2024\/03\/njkv_prestolonaslednik_aleksandar-1024x538.jpg 1024w, https:\/\/kraljevskafondacija.rs\/wp-content\/uploads\/2024\/03\/njkv_prestolonaslednik_aleksandar-768x403.jpg 768w, https:\/\/kraljevskafondacija.rs\/wp-content\/uploads\/2024\/03\/njkv_prestolonaslednik_aleksandar-600x315.jpg 600w\" sizes=\"auto, (max-width: 1200px) 100vw, 1200px\" \/><\/figure>\n<br \/>\n<h3 class=\"wp-block-heading ctlb-block-title has-black-color has-text-color has-link-color wp-elements-f5d9ce63dd81ed2ab10300788320772d\" style=\"padding: 0px;\">His Majesty King Alexander II<\/h3>\n<br \/>\n<p class=\"ctlb-block-desc\" style=\"font-size: 18px; padding: 0px;\">His Majesty King Alexander II, the titular King of Yugoslavia and Serbia, was born on July 17, 1945 in Suite 212 of the Claridge&#8217;s Hotel in London, which was declared Yugoslav extraterritorial for the occasion, so that the heir to the throne would be born on the soil of his own country as his homeland was under occupation.<\/p>\n<p><a title=\"\u040a\u0435\u0433\u043e\u0432\u043e \u0412\u0435\u043b\u0438\u0447\u0430\u043d\u0441\u0442\u0432\u043e \u041a\u0440\u0430\u0459 \u041f\u0435\u0442\u0430\u0440 \u0414\u0440\u0443\u0433\u0438\" href=\"https:\/\/kraljevskafondacija.rs\/en\/njegovo-velicanstvo-kralj-aleksandar-drugi\/\">Read more<\/a><\/p>\n\n<\/div>\n<\/div>\n<\/div>\n<\/div>\n<\/div>\n<\/div>\n<br \/>\n<div class=\"wp-block-cp-timeline-content-timeline-child swiper-slide\">\n<div class=\"timeline-content icon-false \">\n<div class=\"timeline-block-timeline ctl-row position-right\">\n<div class=\"ctl-6 timeline-block-time\">\n<div class=\"story-time\">\n<p><strong>15. January 1982. &#8211;<\/strong><\/p>\n<\/div>\n<\/div>\n<div class=\"timeline-block-icon\">\u00a0<\/div>\n<div class=\"ctl-6 timeline-block-detail\">\n<div class=\"story-details\">\n<div class=\"story-content\">\n<figure class=\"wp-block-image size-full ctlb-block-image is-style-default\"><img loading=\"lazy\" decoding=\"async\" width=\"400\" height=\"450\" class=\"wp-image-7930\" style=\"aspect-ratio: 4\/3; object-fit: contain;\" src=\"https:\/\/kraljevskafondacija.rs\/wp-content\/uploads\/2024\/03\/princ-naslednik-filip-K-1-400x450-1.jpg\" alt=\"\" srcset=\"https:\/\/kraljevskafondacija.rs\/wp-content\/uploads\/2024\/03\/princ-naslednik-filip-K-1-400x450-1.jpg 400w, https:\/\/kraljevskafondacija.rs\/wp-content\/uploads\/2024\/03\/princ-naslednik-filip-K-1-400x450-1-267x300.jpg 267w\" sizes=\"auto, (max-width: 400px) 100vw, 400px\" \/><\/figure>\n<br \/>\n<h3 class=\"wp-block-heading ctlb-block-title has-black-color has-text-color has-link-color wp-elements-12718a52b422c7a543c0e2d13770a56e\" style=\"padding: 0px;\"><strong>Filip<\/strong><\/h3>\n<br \/>\n<p class=\"ctlb-block-desc\" style=\"font-size: 18px; padding: 0px;\">He is the younger brother of His Royal Highness Prince Peter and the older twin brother of His Royal Highness Prince Alexander. After his father, His Royal Highness Crown Prince Alexander, he is first in the line of succession to the Throne.<\/p>\n<p><a title=\"\u040a\u0435\u0433\u043e\u0432\u043e \u0412\u0435\u043b\u0438\u0447\u0430\u043d\u0441\u0442\u0432\u043e \u041a\u0440\u0430\u0459 \u041f\u0435\u0442\u0430\u0440 \u0414\u0440\u0443\u0433\u0438\" href=\"https:\/\/kraljevskafondacija.rs\/en\/filip\/\">Read more<\/a><\/p>\n\n<\/div>\n<\/div>\n<\/div>\n<\/div>\n<\/div>\n<\/div>\n\n<\/div>\n<\/div>\n<\/div>\n<\/div>\n\n<p>&nbsp;<\/p>\n<p>[\/vc_column_text][\/vc_column][\/vc_row]<\/p>\n","protected":false},"excerpt":{"rendered":"<p>[vc_row][vc_column][vc_column_text] Dynasty &nbsp; [\/vc_column_text][\/vc_column][\/vc_row]<\/p>\n","protected":false},"author":1,"featured_media":0,"parent":0,"menu_order":0,"comment_status":"closed","ping_status":"closed","template":"","meta":{"footnotes":""},"class_list":["post-7978","page","type-page","status-publish","hentry"],"aioseo_notices":[],"_links":{"self":[{"href":"https:\/\/kraljevskafondacija.rs\/en\/wp-json\/wp\/v2\/pages\/7978","targetHints":{"allow":["GET"]}}],"collection":[{"href":"https:\/\/kraljevskafondacija.rs\/en\/wp-json\/wp\/v2\/pages"}],"about":[{"href":"https:\/\/kraljevskafondacija.rs\/en\/wp-json\/wp\/v2\/types\/page"}],"author":[{"embeddable":true,"href":"https:\/\/kraljevskafondacija.rs\/en\/wp-json\/wp\/v2\/users\/1"}],"replies":[{"embeddable":true,"href":"https:\/\/kraljevskafondacija.rs\/en\/wp-json\/wp\/v2\/comments?post=7978"}],"version-history":[{"count":5,"href":"https:\/\/kraljevskafondacija.rs\/en\/wp-json\/wp\/v2\/pages\/7978\/revisions"}],"predecessor-version":[{"id":8003,"href":"https:\/\/kraljevskafondacija.rs\/en\/wp-json\/wp\/v2\/pages\/7978\/revisions\/8003"}],"wp:attachment":[{"href":"https:\/\/kraljevskafondacija.rs\/en\/wp-json\/wp\/v2\/media?parent=7978"}],"curies":[{"name":"wp","href":"https:\/\/api.w.org\/{rel}","templated":true}]}}