{"id":7945,"date":"2024-03-05T13:16:16","date_gmt":"2024-03-05T13:16:16","guid":{"rendered":"https:\/\/kraljevskafondacija.rs\/dinastija\/"},"modified":"2024-03-18T10:01:54","modified_gmt":"2024-03-18T10:01:54","slug":"dinastija","status":"publish","type":"page","link":"https:\/\/kraljevskafondacija.rs\/sr-latn\/dinastija\/","title":{"rendered":"Dinastija"},"content":{"rendered":"\n<h1 class=\"wp-block-heading has-text-align-center\">Dinastija<\/h1>\n\n<div class=\"wp-block-cp-timeline-content-timeline Cool-Content-Timeline\"><div class=\"cool-timeline-block-a8296531-9012-4c85-b34d-78a6ae399ec2\"><style>.cool-timeline-block-a8296531-9012-4c85-b34d-78a6ae399ec2 .cool-vertical-timeline-body{--ctlb-icon-color: #c8693a;--ctlb-line-color: #c8693a;--ctlb-icon-bg: #c8693a;--ctlb-story-border-color: #c8693a;}<\/style><div class=\"cool-vertical-timeline-body ctlb-wrapper both-sided left\"><div class=\"cool-timeline-block-list\">\n<div class=\"wp-block-cp-timeline-content-timeline-child swiper-slide\"><div class=\"timeline-content icon-false \"><div class=\"timeline-block-timeline ctl-row  position-right\"><div class=\"ctl-6 timeline-block-time\"><div class=\"story-time\"><p><strong>14. \u043d\u043e\u0432\u0435\u043c\u0431\u0430\u0440 1762\/16. \u043d\u043e\u0432\u0435\u043c\u0431\u0430\u0440 1768.- 25. \u0458\u0443\u043b 1817.<\/strong><\/p><\/div><\/div><div class=\"timeline-block-icon\"><svg stroke=\"currentColor\" fill=\"currentColor\" stroke-width=\"0\" viewBox=\"0 0 512 512\" height=\"1em\" width=\"1em\" xmlns=\"http:\/\/www.w3.org\/2000\/svg\"><path d=\"M256 8C119 8 8 119 8 256s111 248 248 248 248-111 248-248S393 8 256 8z\"><\/path><\/svg><\/div><div class=\"ctl-6 timeline-block-detail\"><div class=\"story-details\"><div class=\"story-content\">\n<figure class=\"wp-block-image size-large ctlb-block-image\"><img loading=\"lazy\" decoding=\"async\" width=\"733\" height=\"1024\" src=\"https:\/\/kraljevskafondacija.rs\/wp-content\/uploads\/2024\/03\/Karadjordje_Petrovic_by_Vladimir_Borovikovsky_1816-733x1024.jpg\" alt=\"\" class=\"wp-image-7885\" style=\"aspect-ratio:4\/3;object-fit:contain\" srcset=\"https:\/\/kraljevskafondacija.rs\/wp-content\/uploads\/2024\/03\/Karadjordje_Petrovic_by_Vladimir_Borovikovsky_1816-733x1024.jpg 733w, https:\/\/kraljevskafondacija.rs\/wp-content\/uploads\/2024\/03\/Karadjordje_Petrovic_by_Vladimir_Borovikovsky_1816-215x300.jpg 215w, https:\/\/kraljevskafondacija.rs\/wp-content\/uploads\/2024\/03\/Karadjordje_Petrovic_by_Vladimir_Borovikovsky_1816-768x1072.jpg 768w, https:\/\/kraljevskafondacija.rs\/wp-content\/uploads\/2024\/03\/Karadjordje_Petrovic_by_Vladimir_Borovikovsky_1816-600x838.jpg 600w, https:\/\/kraljevskafondacija.rs\/wp-content\/uploads\/2024\/03\/Karadjordje_Petrovic_by_Vladimir_Borovikovsky_1816.jpg 800w\" sizes=\"auto, (max-width: 733px) 100vw, 733px\" \/><\/figure>\n\n\n\n<h3 class=\"wp-block-heading ctlb-block-title has-black-color has-text-color has-link-color has-medium-font-size wp-elements-89101019712a5bd03103597b7c3d90e8\" style=\"padding-top:0px;padding-right:0px;padding-bottom:0px;padding-left:0px\">Vrhovni Vo\u017ed Kara\u0111or\u0111e <\/h3>\n\n\n\n<p class=\"ctlb-block-desc\" style=\"padding-top:0px;padding-right:0px;padding-bottom:0px;padding-left:0px;font-size:18px\">\u0110or\u0111e, od oca Petra Jovanovi\u0107a i majke Marice, ro\u0111en je u Vi\u0161evcu kod Ra\u010de u \u0160umadiji 16. novembra 1768. godine, kao njihovo tre\u0107e dete i prvi sin. <br\/><br\/><a href=\"https:\/\/kraljevskafondacija.rs\/vrhovni-vozd-karadjordje\/\" title=\"Uslovi kori&#x161;&#x107;enja\">Pro\u010ditaj vi\u0161e<\/a><\/p>\n<\/div><\/div><\/div><\/div><\/div><\/div>\n\n\n\n<div class=\"wp-block-cp-timeline-content-timeline-child swiper-slide\"><div class=\"timeline-content icon-false \"><div class=\"timeline-block-timeline ctl-row  position-left\"><div class=\"ctl-6 timeline-block-time\"><div class=\"story-time\"><p><strong>11. \u0458\u0443\u043b 1844. &#8211; 16.\u0430\u0432\u0433\u0443\u0441\u0442 1921.<\/strong><\/p><\/div><\/div><div class=\"timeline-block-icon\"><svg stroke=\"currentColor\" fill=\"currentColor\" stroke-width=\"0\" viewBox=\"0 0 512 512\" height=\"1em\" width=\"1em\" xmlns=\"http:\/\/www.w3.org\/2000\/svg\"><path d=\"M256 8C119 8 8 119 8 256s111 248 248 248 248-111 248-248S393 8 256 8z\"><\/path><\/svg><\/div><div class=\"ctl-6 timeline-block-detail\"><div class=\"story-details\"><div class=\"story-content\">\n<figure class=\"wp-block-image size-large ctlb-block-image\"><img loading=\"lazy\" decoding=\"async\" width=\"748\" height=\"1024\" src=\"https:\/\/kraljevskafondacija.rs\/wp-content\/uploads\/2024\/03\/PetarI-Karadjordjevic-748x1024.jpg\" alt=\"\" class=\"wp-image-7901\" style=\"aspect-ratio:4\/3;object-fit:contain\" srcset=\"https:\/\/kraljevskafondacija.rs\/wp-content\/uploads\/2024\/03\/PetarI-Karadjordjevic-748x1024.jpg 748w, https:\/\/kraljevskafondacija.rs\/wp-content\/uploads\/2024\/03\/PetarI-Karadjordjevic-219x300.jpg 219w, https:\/\/kraljevskafondacija.rs\/wp-content\/uploads\/2024\/03\/PetarI-Karadjordjevic-768x1052.jpg 768w, https:\/\/kraljevskafondacija.rs\/wp-content\/uploads\/2024\/03\/PetarI-Karadjordjevic-600x821.jpg 600w, https:\/\/kraljevskafondacija.rs\/wp-content\/uploads\/2024\/03\/PetarI-Karadjordjevic.jpg 1089w\" sizes=\"auto, (max-width: 748px) 100vw, 748px\" \/><\/figure>\n\n\n\n<h3 class=\"wp-block-heading ctlb-block-title has-black-color has-text-color has-link-color wp-elements-3ad5e6d218fbfb1d24a29ccebe6f7df3\" style=\"padding-top:0px;padding-right:0px;padding-bottom:0px;padding-left:0px\">Njegovo Veli\u010danstvo Kralj Petar Prvi Veliki Oslobodilac<\/h3>\n\n\n\n<p class=\"ctlb-block-desc\" style=\"padding-top:0px;padding-right:0px;padding-bottom:0px;padding-left:0px;font-size:18px\">Bio je Kralj Srbije od 1903. do 1918. godine i Kralj Srba, Hrvata i Slovenaca od 1918. do 1921. godine. <br\/><br\/><a href=\"https:\/\/kraljevskafondacija.rs\/njegovo-velicanstvo-kralj-petar-prvi-veliki-oslobodilac\/\" title=\"Njegovo Veli&#x10D;anstvo Kralj Petar Prvi Veliki Oslobodilac\">Pro\u010ditaj vi\u0161e<\/a><\/p>\n<\/div><\/div><\/div><\/div><\/div><\/div>\n\n\n\n<div class=\"wp-block-cp-timeline-content-timeline-child swiper-slide\"><div class=\"timeline-content icon-false \"><div class=\"timeline-block-timeline ctl-row  position-right\"><div class=\"ctl-6 timeline-block-time\"><div class=\"story-time\"><p><strong>11. \u043e\u043a\u0442\u043e\u0431\u0430\u0440 1806.- 03. \u043c\u0430\u0458 1885.<\/strong><\/p><\/div><\/div><div class=\"timeline-block-icon\"><svg stroke=\"currentColor\" fill=\"currentColor\" stroke-width=\"0\" viewBox=\"0 0 512 512\" height=\"1em\" width=\"1em\" xmlns=\"http:\/\/www.w3.org\/2000\/svg\"><path d=\"M256 8C119 8 8 119 8 256s111 248 248 248 248-111 248-248S393 8 256 8z\"><\/path><\/svg><\/div><div class=\"ctl-6 timeline-block-detail\"><div class=\"story-details\"><div class=\"story-content\">\n<figure class=\"wp-block-image size-full ctlb-block-image\"><img loading=\"lazy\" decoding=\"async\" width=\"577\" height=\"798\" src=\"https:\/\/kraljevskafondacija.rs\/wp-content\/uploads\/2024\/03\/2-knez-aleksandar.jpg\" alt=\"\" class=\"wp-image-7906\" style=\"aspect-ratio:4\/3;object-fit:contain\" srcset=\"https:\/\/kraljevskafondacija.rs\/wp-content\/uploads\/2024\/03\/2-knez-aleksandar.jpg 577w, https:\/\/kraljevskafondacija.rs\/wp-content\/uploads\/2024\/03\/2-knez-aleksandar-217x300.jpg 217w\" sizes=\"auto, (max-width: 577px) 100vw, 577px\" \/><\/figure>\n\n\n\n<h3 class=\"wp-block-heading ctlb-block-title has-black-color has-text-color has-link-color wp-elements-0bc254b4bb1acd5dc629a57b8978d62a\" style=\"padding-top:0px;padding-right:0px;padding-bottom:0px;padding-left:0px\">Njegovo Svetlo Veli\u010danstvo Knez Aleksandar<\/h3>\n\n\n\n<p class=\"ctlb-block-desc\" style=\"padding-top:0px;padding-right:0px;padding-bottom:0px;padding-left:0px;font-size:18px\">Njegovo Svetlo Veli\u010danstvo Knez Aleksandar ro\u0111en je u Topoli 11. oktobra 1806. godine u jeku Prvog srpskog ustanka. Bio je mla\u0111i sin Vrhovnog Vo\u017eda Kara\u0111or\u0111a i supruge Jelene.<br\/><br\/><a href=\"https:\/\/kraljevskafondacija.rs\/njegovo-svetlo-velicanstvo-knez-aleksandar\/\" title=\"Njegovo Veli&#x10D;anstvo Kralj Petar Prvi Veliki Oslobodilac\">Pro\u010ditaj vi\u0161e<\/a><\/p>\n<\/div><\/div><\/div><\/div><\/div><\/div>\n\n\n\n<div class=\"wp-block-cp-timeline-content-timeline-child swiper-slide\"><div class=\"timeline-content icon-false \"><div class=\"timeline-block-timeline ctl-row  position-left\"><div class=\"ctl-6 timeline-block-time\"><div class=\"story-time\"><p><strong>16. \u0434\u0435\u0446\u0435\u043c\u0431\u0430\u0440 1888. &#8211; 9. \u043e\u043a\u0442\u043e\u0431\u0430\u0440 1934.<\/strong><\/p><\/div><\/div><div class=\"timeline-block-icon\"><svg stroke=\"currentColor\" fill=\"currentColor\" stroke-width=\"0\" viewBox=\"0 0 512 512\" height=\"1em\" width=\"1em\" xmlns=\"http:\/\/www.w3.org\/2000\/svg\"><path d=\"M256 8C119 8 8 119 8 256s111 248 248 248 248-111 248-248S393 8 256 8z\"><\/path><\/svg><\/div><div class=\"ctl-6 timeline-block-detail\"><div class=\"story-details\"><div class=\"story-content\">\n<figure class=\"wp-block-image size-full ctlb-block-image\"><img loading=\"lazy\" decoding=\"async\" width=\"409\" height=\"500\" src=\"https:\/\/kraljevskafondacija.rs\/wp-content\/uploads\/2024\/03\/aleksandar-i.webp\" alt=\"\" class=\"wp-image-7911\" style=\"aspect-ratio:4\/3;object-fit:contain\" srcset=\"https:\/\/kraljevskafondacija.rs\/wp-content\/uploads\/2024\/03\/aleksandar-i.webp 409w, https:\/\/kraljevskafondacija.rs\/wp-content\/uploads\/2024\/03\/aleksandar-i-245x300.webp 245w\" sizes=\"auto, (max-width: 409px) 100vw, 409px\" \/><\/figure>\n\n\n\n<h3 class=\"wp-block-heading ctlb-block-title has-black-color has-text-color has-link-color wp-elements-da9d175020457812138beb03bf6b0537\" style=\"padding-top:0px;padding-right:0px;padding-bottom:0px;padding-left:0px\">Njegovo Veli\u010danstvo Vite\u0161ki Kralj Aleksandar Prvi Ujedinitelj<\/h3>\n\n\n\n<p class=\"ctlb-block-desc\" style=\"padding-top:0px;padding-right:0px;padding-bottom:0px;padding-left:0px;font-size:18px\">Njegovo Veli\u010danstvo Vite\u0161ki Kralj Aleksandar Prvi Ujedinitelj ro\u0111en na Cetinju 16. decembar 1888. godine. Bio je Regent prestolonaslednik Kraljevine Srbije (1914-1918), Regent prestolonaslednik Kraljevine Srba, Hrvata i Slovenaca (1918-1921), a zatim Kralj Srba, Hrvata i Slovenaca (1921-1929) i Kralj Jugoslavije (1929-1934).<br\/><br\/><a href=\"https:\/\/kraljevskafondacija.rs\/njegovo-velicanstvo-viteski-kralj-aleksandar-prvi-ujedinitelj\/\" title=\"Njegovo Veli&#x10D;anstvo Vite&#x161;ki Kralj Aleksandar Prvi Ujedinitelj\">Pro\u010ditaj vi\u0161e<\/a><\/p>\n<\/div><\/div><\/div><\/div><\/div><\/div>\n\n\n\n<div class=\"wp-block-cp-timeline-content-timeline-child swiper-slide\"><div class=\"timeline-content icon-false \"><div class=\"timeline-block-timeline ctl-row  position-right\"><div class=\"ctl-6 timeline-block-time\"><div class=\"story-time\"><p><strong>06. \u0441\u0435\u043f\u0442\u0435\u043c\u0431\u0430\u0440 1923. &#8211; 3. \u043d\u043e\u0432\u0435\u043c\u0431\u0430\u0440 1970<\/strong><\/p><\/div><\/div><div class=\"timeline-block-icon\"><svg stroke=\"currentColor\" fill=\"currentColor\" stroke-width=\"0\" viewBox=\"0 0 512 512\" height=\"1em\" width=\"1em\" xmlns=\"http:\/\/www.w3.org\/2000\/svg\"><path d=\"M256 8C119 8 8 119 8 256s111 248 248 248 248-111 248-248S393 8 256 8z\"><\/path><\/svg><\/div><div class=\"ctl-6 timeline-block-detail\"><div class=\"story-details\"><div class=\"story-content\">\n<figure class=\"wp-block-image size-full ctlb-block-image\"><img loading=\"lazy\" decoding=\"async\" width=\"300\" height=\"386\" src=\"https:\/\/kraljevskafondacija.rs\/wp-content\/uploads\/2024\/03\/kralj-Petar-II.jpg\" alt=\"\" class=\"wp-image-7916\" style=\"aspect-ratio:4\/3;object-fit:contain\" srcset=\"https:\/\/kraljevskafondacija.rs\/wp-content\/uploads\/2024\/03\/kralj-Petar-II.jpg 300w, https:\/\/kraljevskafondacija.rs\/wp-content\/uploads\/2024\/03\/kralj-Petar-II-233x300.jpg 233w\" sizes=\"auto, (max-width: 300px) 100vw, 300px\" \/><\/figure>\n\n\n\n<h3 class=\"wp-block-heading ctlb-block-title has-black-color has-text-color has-link-color wp-elements-b9b7ec1c51ba84f164a4399e3980d058\" style=\"padding-top:0px;padding-right:0px;padding-bottom:0px;padding-left:0px\"><strong>Njegovo Veli\u010danstvo Kralj Petar Drugi<\/strong><\/h3>\n\n\n\n<p class=\"ctlb-block-desc\" style=\"padding-top:0px;padding-right:0px;padding-bottom:0px;padding-left:0px;font-size:18px\">Njegovo Veli\u010danstvo Kralj Petar Drugi ro\u0111en u Beogradu 06. septembra 1923. godine. Bio je Kralj Jugoslavije (1934\u20141970), prvi sin Vite\u0161kog Kralja Aleksandra Prvog Ujedinitelja i Kraljice Marije.<br\/><br\/><a href=\"https:\/\/kraljevskafondacija.rs\/njegovo-velicanstvo-kralj-petar-drugi\/\" title=\"Njegovo Veli&#x10D;anstvo Kralj Petar Drugi\">Pro\u010ditaj vi\u0161e<\/a><\/p>\n<\/div><\/div><\/div><\/div><\/div><\/div>\n\n\n\n<div class=\"wp-block-cp-timeline-content-timeline-child swiper-slide\"><div class=\"timeline-content icon-false \"><div class=\"timeline-block-timeline ctl-row  position-left\"><div class=\"ctl-6 timeline-block-time\"><div class=\"story-time\"><p><strong>17. \u0458\u0443\u043b 1945 &#8211;<\/strong><\/p><\/div><\/div><div class=\"timeline-block-icon\"><svg stroke=\"currentColor\" fill=\"currentColor\" stroke-width=\"0\" viewBox=\"0 0 512 512\" height=\"1em\" width=\"1em\" xmlns=\"http:\/\/www.w3.org\/2000\/svg\"><path d=\"M256 8C119 8 8 119 8 256s111 248 248 248 248-111 248-248S393 8 256 8z\"><\/path><\/svg><\/div><div class=\"ctl-6 timeline-block-detail\"><div class=\"story-details\"><div class=\"story-content\">\n<figure class=\"wp-block-image size-full ctlb-block-image\"><img loading=\"lazy\" decoding=\"async\" width=\"1200\" height=\"630\" src=\"https:\/\/kraljevskafondacija.rs\/wp-content\/uploads\/2024\/03\/njkv_prestolonaslednik_aleksandar.jpg\" alt=\"\" class=\"wp-image-7921\" srcset=\"https:\/\/kraljevskafondacija.rs\/wp-content\/uploads\/2024\/03\/njkv_prestolonaslednik_aleksandar.jpg 1200w, https:\/\/kraljevskafondacija.rs\/wp-content\/uploads\/2024\/03\/njkv_prestolonaslednik_aleksandar-300x158.jpg 300w, https:\/\/kraljevskafondacija.rs\/wp-content\/uploads\/2024\/03\/njkv_prestolonaslednik_aleksandar-1024x538.jpg 1024w, https:\/\/kraljevskafondacija.rs\/wp-content\/uploads\/2024\/03\/njkv_prestolonaslednik_aleksandar-768x403.jpg 768w, https:\/\/kraljevskafondacija.rs\/wp-content\/uploads\/2024\/03\/njkv_prestolonaslednik_aleksandar-600x315.jpg 600w\" sizes=\"auto, (max-width: 1200px) 100vw, 1200px\" \/><\/figure>\n\n\n\n<h3 class=\"wp-block-heading ctlb-block-title has-black-color has-text-color has-link-color wp-elements-58f299dc8ef83b70b643877571be9bd8\" style=\"padding-top:0px;padding-right:0px;padding-bottom:0px;padding-left:0px\"><strong>Njegovo Veli\u010danstvo Kralj Aleksandar Drugi<\/strong><\/h3>\n\n\n\n<p class=\"ctlb-block-desc\" style=\"padding-top:0px;padding-right:0px;padding-bottom:0px;padding-left:0px;font-size:18px\">Njegovo Veli\u010danstvo Kralj Aleksandar Drugi, titularni Kralj Jugoslavije i Srbije, ro\u0111en je 17. jula 1945. godine u apartmanu 212 Londonskog hotela Klerid\u017eis, koji je za tu priliku progla\u0161en Jugoslovenskom eksteritorijom, kako bi naslednik prestola bio ro\u0111en na tlu svoje zemlje, jer je njegova otad\u017ebina bila pod okupacijom. <br\/><br\/><a href=\"https:\/\/kraljevskafondacija.rs\/njegovo-velicanstvo-kralj-aleksandar-drugi\/\" title=\"Njegovo Veli&#x10D;anstvo Kralj Petar Drugi\">Pro\u010ditaj vi\u0161e<\/a><\/p>\n<\/div><\/div><\/div><\/div><\/div><\/div>\n\n\n\n<div class=\"wp-block-cp-timeline-content-timeline-child swiper-slide\"><div class=\"timeline-content icon-false \"><div class=\"timeline-block-timeline ctl-row  position-right\"><div class=\"ctl-6 timeline-block-time\"><div class=\"story-time\"><p><strong>15. \u0458\u0430\u043d\u0443\u0430\u0440 1982. &#8211;<\/strong><\/p><\/div><\/div><div class=\"timeline-block-icon\"><svg stroke=\"currentColor\" fill=\"currentColor\" stroke-width=\"0\" viewBox=\"0 0 512 512\" height=\"1em\" width=\"1em\" xmlns=\"http:\/\/www.w3.org\/2000\/svg\"><path d=\"M256 8C119 8 8 119 8 256s111 248 248 248 248-111 248-248S393 8 256 8z\"><\/path><\/svg><\/div><div class=\"ctl-6 timeline-block-detail\"><div class=\"story-details\"><div class=\"story-content\">\n<figure class=\"wp-block-image size-full ctlb-block-image is-style-default\"><img loading=\"lazy\" decoding=\"async\" width=\"400\" height=\"450\" src=\"https:\/\/kraljevskafondacija.rs\/wp-content\/uploads\/2024\/03\/princ-naslednik-filip-K-1-400x450-1.jpg\" alt=\"\" class=\"wp-image-7930\" style=\"aspect-ratio:4\/3;object-fit:contain\" srcset=\"https:\/\/kraljevskafondacija.rs\/wp-content\/uploads\/2024\/03\/princ-naslednik-filip-K-1-400x450-1.jpg 400w, https:\/\/kraljevskafondacija.rs\/wp-content\/uploads\/2024\/03\/princ-naslednik-filip-K-1-400x450-1-267x300.jpg 267w\" sizes=\"auto, (max-width: 400px) 100vw, 400px\" \/><\/figure>\n\n\n\n<h3 class=\"wp-block-heading ctlb-block-title has-black-color has-text-color has-link-color wp-elements-e672e9642b58a9ea231c376820164b9d\" style=\"padding-top:0px;padding-right:0px;padding-bottom:0px;padding-left:0px\"><strong>Princ Filip Naslednik<\/strong><\/h3>\n\n\n\n<p class=\"ctlb-block-desc\" style=\"padding-top:0px;padding-right:0px;padding-bottom:0px;padding-left:0px;font-size:18px\">Njegovo Kraljevsko Viso\u010danstvo Princ Naslednik Filip ro\u0111en je 15. januara 1982. godine u Ferfaksu, Vird\u017einija, SAD.<br\/><br\/><a href=\"https:\/\/kraljevskafondacija.rs\/princ-filip-naslednik\/\" title=\"Njegovo Veli&#x10D;anstvo Kralj Petar Drugi\">Pro\u010ditaj vi\u0161e<\/a><\/p>\n<\/div><\/div><\/div><\/div><\/div><\/div>\n<\/div><\/div><\/div><\/div>\n","protected":false},"excerpt":{"rendered":"<p>Dinastija<\/p>\n","protected":false},"author":1,"featured_media":0,"parent":0,"menu_order":0,"comment_status":"closed","ping_status":"closed","template":"","meta":{"footnotes":""},"class_list":["post-7945","page","type-page","status-publish","hentry"],"aioseo_notices":[],"_links":{"self":[{"href":"https:\/\/kraljevskafondacija.rs\/sr-latn\/wp-json\/wp\/v2\/pages\/7945","targetHints":{"allow":["GET"]}}],"collection":[{"href":"https:\/\/kraljevskafondacija.rs\/sr-latn\/wp-json\/wp\/v2\/pages"}],"about":[{"href":"https:\/\/kraljevskafondacija.rs\/sr-latn\/wp-json\/wp\/v2\/types\/page"}],"author":[{"embeddable":true,"href":"https:\/\/kraljevskafondacija.rs\/sr-latn\/wp-json\/wp\/v2\/users\/1"}],"replies":[{"embeddable":true,"href":"https:\/\/kraljevskafondacija.rs\/sr-latn\/wp-json\/wp\/v2\/comments?post=7945"}],"version-history":[{"count":1,"href":"https:\/\/kraljevskafondacija.rs\/sr-latn\/wp-json\/wp\/v2\/pages\/7945\/revisions"}],"predecessor-version":[{"id":7946,"href":"https:\/\/kraljevskafondacija.rs\/sr-latn\/wp-json\/wp\/v2\/pages\/7945\/revisions\/7946"}],"wp:attachment":[{"href":"https:\/\/kraljevskafondacija.rs\/sr-latn\/wp-json\/wp\/v2\/media?parent=7945"}],"curies":[{"name":"wp","href":"https:\/\/api.w.org\/{rel}","templated":true}]}}